{"id":701,"date":"2024-06-24T17:13:04","date_gmt":"2024-06-24T17:13:04","guid":{"rendered":"https:\/\/decenalia.fr\/?page_id=701"},"modified":"2024-07-04T09:35:50","modified_gmt":"2024-07-04T09:35:50","slug":"mentions-legales","status":"publish","type":"page","link":"https:\/\/decenalia.fr\/ro\/mentions-legales\/","title":{"rendered":"Informa\u021bii juridice"},"content":{"rendered":"<p><strong>DECENALIA &#8211; www.decenalia.fr<\/strong><\/p>\n\n\n\n<hr class=\"wp-block-separator has-alpha-channel-opacity\"\/>\n\n\n\n<h2 class=\"wp-block-heading\">1. \u00c9diteur du Site<\/h2>\n\n\n\n<p>Le site internet www.decenalia.fr (ci-apr\u00e8s \u00ab\u00a0le Site\u00a0\u00bb) est \u00e9dit\u00e9 par :<\/p>\n\n\n\n<p><strong>DECENALIA <\/strong>g\u00e9r\u00e9 par HORIZON ASSURANCES<br>Adresse : 205 Avenue Georges Clemenceau 92000 NANTERRE<br>SIREN : 828 886 986<br>T\u00e9l\u00e9phone : 01 47 73 00 10<br>E-mail : contact@groupeconseilia.fr<\/p>\n\n\n\n<h2 class=\"wp-block-heading\">2. H\u00e9bergement du Site<\/h2>\n\n\n\n<p>Le site est h\u00e9berg\u00e9 par :<\/p>\n\n\n\n<p><strong>Nom de l&rsquo;h\u00e9bergeur<\/strong><br>Adresse : 61 Lordou Vironos Street, 6023 Larnaca, Chypre<br>T\u00e9l\u00e9phone : 01 47 73 00 10<br>E-mail : contact@hostinger.com<\/p>\n\n\n\n<h2 class=\"wp-block-heading\">3. Propri\u00e9t\u00e9 Intellectuelle<\/h2>\n\n\n\n<p>Le contenu du site www.decenalia.fr, incluant, mais sans s&rsquo;y limiter, les textes, images, graphismes, logos, ic\u00f4nes, sons, logiciels, est la propri\u00e9t\u00e9 de DECENALIA ou de ses partenaires et est prot\u00e9g\u00e9 par les lois fran\u00e7aises et internationales relatives \u00e0 la propri\u00e9t\u00e9 intellectuelle.<\/p>\n\n\n\n<p>Toute reproduction, distribution, modification, adaptation, retransmission ou publication, m\u00eame partielle, de ces diff\u00e9rents \u00e9l\u00e9ments est strictement interdite sans l&rsquo;accord expr\u00e8s par \u00e9crit de DECENALIA. Cette repr\u00e9sentation ou reproduction, par quelque proc\u00e9d\u00e9 que ce soit, constitue une contrefa\u00e7on sanctionn\u00e9e par les articles L.335-2 et suivants du Code de la propri\u00e9t\u00e9 intellectuelle.<\/p>\n\n\n\n<h2 class=\"wp-block-heading\">4. Donn\u00e9es Personnelles<\/h2>\n\n\n\n<p>Pour plus d&rsquo;informations sur la collecte et le traitement de vos donn\u00e9es personnelles, veuillez consulter notre <a href=\"https:\/\/decenalia.fr\/ro\/politique-de-confidentialite\/\">Politique de Confidentialit\u00e9<\/a>. Cookies<\/p>\n\n\n\n<p>Le site www.decenalia.fr peut-\u00eatre amen\u00e9 \u00e0 vous demander l&rsquo;acceptation des cookies pour des besoins de statistiques et d&rsquo;affichage. Un cookie est une information d\u00e9pos\u00e9e sur votre disque dur par le serveur du site que vous visitez. Il contient plusieurs donn\u00e9es qui sont stock\u00e9es sur votre ordinateur dans un simple fichier texte auquel un serveur acc\u00e8de pour lire et enregistrer des informations.<\/p>\n\n\n\n<h2 class=\"wp-block-heading\">6. Limitation de Responsabilit\u00e9<\/h2>\n\n\n\n<p>DECENALIA s\u2019efforce de fournir sur le site www.decenalia.fr des informations aussi pr\u00e9cises que possible. Toutefois, nous ne pourrons \u00eatre tenus responsables des omissions, des inexactitudes et des carences dans la mise \u00e0 jour, qu\u2019elles soient de notre fait ou du fait des tiers partenaires qui nous fournissent ces informations.<\/p>\n\n\n\n<p>Toutes les informations indiqu\u00e9es sur le site www.decenalia.fr sont donn\u00e9es \u00e0 titre indicatif, et sont susceptibles d\u2019\u00e9voluer. Par ailleurs, les renseignements figurant sur le site www.decenalia.fr ne sont pas exhaustifs. Ils sont donn\u00e9s sous r\u00e9serve de modifications ayant \u00e9t\u00e9 apport\u00e9es depuis leur mise en ligne.<\/p>\n\n\n\n<h2 class=\"wp-block-heading\">7. Liens Hypertextes<\/h2>\n\n\n\n<p>Le site www.decenalia.fr peut contenir des liens hypertextes vers d\u2019autres sites. Cependant, DECENALIA n\u2019a pas la possibilit\u00e9 de v\u00e9rifier le contenu des sites ainsi visit\u00e9s, et n\u2019assumera en cons\u00e9quence aucune responsabilit\u00e9 de ce fait.<\/p>\n\n\n\n<h2 class=\"wp-block-heading\">8. Droit Applicable et Attribution de Juridiction<\/h2>\n\n\n\n<p>Tout litige en relation avec l\u2019utilisation du site www.decenalia.fr est soumis au droit fran\u00e7ais. Il est fait attribution exclusive de juridiction aux tribunaux comp\u00e9tents de [Votre Ville].<\/p>\n\n\n\n<h2 class=\"wp-block-heading\">9. Contact<\/h2>\n\n\n\n<p>Pour signaler un contenu ou une activit\u00e9 illicite, vous pouvez nous contacter \u00e0 l\u2019adresse suivante :<\/p>\n\n\n\n<p><strong>DECENALIA<\/strong><br>Adresse : 205 Avenue Georges Clemenceau 92000 NANTERRE<br>E-mail : contact@decenalia.fr <br>T\u00e9l\u00e9phone : 01 47 73 00 10<\/p>\n\n\n\n<hr class=\"wp-block-separator has-alpha-channel-opacity\"\/>\n\n\n\n<p>Derni\u00e8re mise \u00e0 jour : 24\/06\/2024<\/p>","protected":false},"excerpt":{"rendered":"<p>DECENALIA &#8211; www.decenalia.fr 1. \u00c9diteur du Site Le site internet www.decenalia.fr (ci-apr\u00e8s \u00ab\u00a0le Site\u00a0\u00bb) est \u00e9dit\u00e9 par : DECENALIA g\u00e9r\u00e9 par HORIZON [&hellip;]<\/p>","protected":false},"author":1,"featured_media":0,"parent":0,"menu_order":0,"comment_status":"closed","ping_status":"closed","template":"","meta":{"footnotes":""},"_links":{"self":[{"href":"https:\/\/decenalia.fr\/ro\/wp-json\/wp\/v2\/pages\/701"}],"collection":[{"href":"https:\/\/decenalia.fr\/ro\/wp-json\/wp\/v2\/pages"}],"about":[{"href":"https:\/\/decenalia.fr\/ro\/wp-json\/wp\/v2\/types\/page"}],"author":[{"embeddable":true,"href":"https:\/\/decenalia.fr\/ro\/wp-json\/wp\/v2\/users\/1"}],"replies":[{"embeddable":true,"href":"https:\/\/decenalia.fr\/ro\/wp-json\/wp\/v2\/comments?post=701"}],"version-history":[{"count":7,"href":"https:\/\/decenalia.fr\/ro\/wp-json\/wp\/v2\/pages\/701\/revisions"}],"predecessor-version":[{"id":853,"href":"https:\/\/decenalia.fr\/ro\/wp-json\/wp\/v2\/pages\/701\/revisions\/853"}],"wp:attachment":[{"href":"https:\/\/decenalia.fr\/ro\/wp-json\/wp\/v2\/media?parent=701"}],"curies":[{"name":"wp","href":"https:\/\/api.w.org\/{rel}","templated":true}]}}