{"id":3,"date":"2024-06-21T08:24:13","date_gmt":"2024-06-21T08:24:13","guid":{"rendered":"http:\/\/decenalia.fr\/?page_id=3"},"modified":"2024-06-24T17:12:15","modified_gmt":"2024-06-24T17:12:15","slug":"politique-de-confidentialite","status":"publish","type":"page","link":"https:\/\/decenalia.fr\/ro\/politique-de-confidentialite\/","title":{"rendered":"Politica de confiden\u021bialitate"},"content":{"rendered":"<p><strong>DECENALIA &#8211; www.decenalia.fr<\/strong><\/p>\n\n\n\n<hr class=\"wp-block-separator has-alpha-channel-opacity\"\/>\n\n\n\n<p>Chez DECENALIA, nous nous engageons \u00e0 prot\u00e9ger la confidentialit\u00e9 de vos informations personnelles. Cette Politique de Confidentialit\u00e9 d\u00e9crit comment nous collectons, utilisons, partageons et prot\u00e9geons les donn\u00e9es personnelles que vous nous fournissez via notre site web, www.decenalia.fr. En utilisant notre site, vous acceptez les pratiques d\u00e9crites dans cette politique.<\/p>\n\n\n\n<h2 class=\"wp-block-heading\">Collecte des Donn\u00e9es Personnelles<\/h2>\n\n\n\n<p>Nous recueillons les informations personnelles suivantes lorsque vous remplissez nos formulaires de demande de d\u00e9cennales sur notre site internet :<\/p>\n\n\n\n<ul>\n<li>Nom<\/li>\n\n\n\n<li>Pr\u00e9nom<\/li>\n\n\n\n<li>Adresse<\/li>\n\n\n\n<li>Num\u00e9ro de t\u00e9l\u00e9phone<\/li>\n\n\n\n<li>Extrait Kbis<\/li>\n\n\n\n<li>Num\u00e9ro SIRET<\/li>\n<\/ul>\n\n\n\n<h2 class=\"wp-block-heading\">Utilisation des Donn\u00e9es Personnelles<\/h2>\n\n\n\n<p>Les informations personnelles que nous collectons sont utilis\u00e9es aux fins suivantes :<\/p>\n\n\n\n<ol>\n<li><strong>Fourniture de services<\/strong> : Pour traiter et g\u00e9rer vos demandes de d\u00e9cennales et vous fournir les services demand\u00e9s.<\/li>\n\n\n\n<li><strong>Communication<\/strong> : Pour vous contacter concernant votre demande ou pour toute autre raison l\u00e9gitime li\u00e9e \u00e0 nos services.<\/li>\n\n\n\n<li><strong>Am\u00e9lioration des services<\/strong> : Pour am\u00e9liorer notre site web, nos services et notre offre en fonction de vos retours et de nos analyses.<\/li>\n\n\n\n<li><strong>Conformit\u00e9 l\u00e9gale<\/strong> : Pour respecter les obligations l\u00e9gales et r\u00e9glementaires en vigueur.<\/li>\n<\/ol>\n\n\n\n<h2 class=\"wp-block-heading\">Partage des Donn\u00e9es Personnelles<\/h2>\n\n\n\n<p>Nous ne partageons pas vos informations personnelles avec des tiers, sauf dans les cas suivants :<\/p>\n\n\n\n<ol>\n<li><strong>Fournisseurs de services<\/strong> : Nous pouvons partager vos informations avec des fournisseurs de services tiers qui nous aident \u00e0 exploiter notre site web ou \u00e0 fournir nos services, sous r\u00e9serve qu&rsquo;ils respectent la confidentialit\u00e9 de vos donn\u00e9es.<\/li>\n\n\n\n<li><strong>Obligations l\u00e9gales<\/strong> : Nous pouvons \u00eatre tenus de divulguer vos informations personnelles si la loi l&rsquo;exige ou si nous estimons de bonne foi qu&rsquo;une telle action est n\u00e9cessaire pour respecter les proc\u00e9dures judiciaires, une d\u00e9cision de justice ou toute autre obligation l\u00e9gale.<\/li>\n<\/ol>\n\n\n\n<h2 class=\"wp-block-heading\">S\u00e9curit\u00e9 des Donn\u00e9es<\/h2>\n\n\n\n<p>Nous mettons en \u0153uvre des mesures de s\u00e9curit\u00e9 techniques et organisationnelles appropri\u00e9es pour prot\u00e9ger vos informations personnelles contre la perte, l&rsquo;utilisation abusive, l&rsquo;acc\u00e8s non autoris\u00e9, la divulgation, la modification et la destruction.<\/p>\n\n\n\n<h2 class=\"wp-block-heading\">Conservation des Donn\u00e9es<\/h2>\n\n\n\n<p>Nous conservons vos informations personnelles uniquement aussi longtemps que n\u00e9cessaire pour atteindre les objectifs pour lesquels elles ont \u00e9t\u00e9 collect\u00e9es ou pour se conformer aux exigences l\u00e9gales et r\u00e9glementaires.<\/p>\n\n\n\n<h2 class=\"wp-block-heading\">Vos Droits<\/h2>\n\n\n\n<p>En vertu du R\u00e8glement G\u00e9n\u00e9ral sur la Protection des Donn\u00e9es (RGPD), vous disposez des droits suivants concernant vos informations personnelles :<\/p>\n\n\n\n<ul>\n<li><strong>Droit d&rsquo;acc\u00e8s<\/strong> : Vous pouvez demander l&rsquo;acc\u00e8s aux donn\u00e9es personnelles que nous d\u00e9tenons \u00e0 votre sujet.<\/li>\n\n\n\n<li><strong>Droit de rectification<\/strong> : Vous pouvez demander la correction de toute information inexacte ou incompl\u00e8te.<\/li>\n\n\n\n<li><strong>Droit \u00e0 l&rsquo;effacement<\/strong> : Vous pouvez demander la suppression de vos donn\u00e9es personnelles sous certaines conditions.<\/li>\n\n\n\n<li><strong>Droit \u00e0 la limitation du traitement<\/strong> : Vous pouvez demander la limitation du traitement de vos donn\u00e9es dans certaines circonstances.<\/li>\n\n\n\n<li><strong>Droit d&rsquo;opposition<\/strong> : Vous pouvez vous opposer au traitement de vos donn\u00e9es pour des raisons l\u00e9gitimes.<\/li>\n\n\n\n<li><strong>Droit \u00e0 la portabilit\u00e9<\/strong> : Vous pouvez demander que vos donn\u00e9es personnelles vous soient fournies dans un format structur\u00e9, couramment utilis\u00e9 et lisible par machine, ou qu&rsquo;elles soient transmises directement \u00e0 un autre responsable de traitement.<\/li>\n<\/ul>\n\n\n\n<h2 class=\"wp-block-heading\">Modifications de la Politique de Confidentialit\u00e9<\/h2>\n\n\n\n<p>Nous nous r\u00e9servons le droit de modifier cette Politique de Confidentialit\u00e9 \u00e0 tout moment. Toute modification sera publi\u00e9e sur cette page et, le cas \u00e9ch\u00e9ant, vous en serez inform\u00e9 par e-mail ou via une notification sur notre site web.<\/p>\n\n\n\n<h2 class=\"wp-block-heading\">Contact<\/h2>\n\n\n\n<p>Pour toute question ou demande concernant cette Politique de Confidentialit\u00e9 ou pour exercer vos droits, vous pouvez nous contacter \u00e0 l&rsquo;adresse suivante :<\/p>\n\n\n\n<p><strong>DECENALIA<\/strong><br>Adresse : <a href=\"https:\/\/maps.app.goo.gl\/2GqKVEGRmxPAhsjU7\">205 Avenue Georges Clemenceau 92000 NANTERRE<\/a><br>E-mail : <a href=\"mailto:contact@decenalia.fr\">contact@decenalia.fr<\/a><br>T\u00e9l\u00e9phone : <a href=\"https:\/\/decenalia.fr\/ro\/\">01 47 73 00 10<\/a><\/p>\n\n\n\n<hr class=\"wp-block-separator has-alpha-channel-opacity\"\/>\n\n\n\n<p>Derni\u00e8re mise \u00e0 jour : 24\/06\/2024<\/p>","protected":false},"excerpt":{"rendered":"<p>DECENALIA &#8211; www.decenalia.fr Chez DECENALIA, nous nous engageons \u00e0 prot\u00e9ger la confidentialit\u00e9 de vos informations personnelles. Cette Politique de Confidentialit\u00e9 d\u00e9crit comment [&hellip;]<\/p>","protected":false},"author":1,"featured_media":0,"parent":0,"menu_order":0,"comment_status":"closed","ping_status":"closed","template":"","meta":{"footnotes":""},"_links":{"self":[{"href":"https:\/\/decenalia.fr\/ro\/wp-json\/wp\/v2\/pages\/3"}],"collection":[{"href":"https:\/\/decenalia.fr\/ro\/wp-json\/wp\/v2\/pages"}],"about":[{"href":"https:\/\/decenalia.fr\/ro\/wp-json\/wp\/v2\/types\/page"}],"author":[{"embeddable":true,"href":"https:\/\/decenalia.fr\/ro\/wp-json\/wp\/v2\/users\/1"}],"replies":[{"embeddable":true,"href":"https:\/\/decenalia.fr\/ro\/wp-json\/wp\/v2\/comments?post=3"}],"version-history":[{"count":2,"href":"https:\/\/decenalia.fr\/ro\/wp-json\/wp\/v2\/pages\/3\/revisions"}],"predecessor-version":[{"id":700,"href":"https:\/\/decenalia.fr\/ro\/wp-json\/wp\/v2\/pages\/3\/revisions\/700"}],"wp:attachment":[{"href":"https:\/\/decenalia.fr\/ro\/wp-json\/wp\/v2\/media?parent=3"}],"curies":[{"name":"wp","href":"https:\/\/api.w.org\/{rel}","templated":true}]}}