{"id":263,"date":"2024-06-21T18:32:04","date_gmt":"2024-06-21T18:32:04","guid":{"rendered":"https:\/\/decenalia.fr\/?page_id=263"},"modified":"2024-06-22T16:42:49","modified_gmt":"2024-06-22T16:42:49","slug":"pourquoi-souscrire-a-une-decennale","status":"publish","type":"page","link":"https:\/\/decenalia.fr\/ro\/pourquoi-souscrire-a-une-decennale\/","title":{"rendered":"Pourquoi souscrire \u00e0 une d\u00e9cennale ?"},"content":{"rendered":"<div data-elementor-type=\"wp-page\" data-elementor-id=\"263\" class=\"elementor elementor-263\" data-elementor-post-type=\"page\">\n\t\t\t\t\t\t<div class=\"elementor-section elementor-top-section elementor-element elementor-element-4bb6186 elementor-section-boxed elementor-section-height-default elementor-section-height-default\" data-id=\"4bb6186\" data-element_type=\"section\" data-settings=\"{&quot;background_background&quot;:&quot;gradient&quot;}\">\n\t\t\t\t\t\t<div class=\"elementor-container elementor-column-gap-no\">\n\t\t\t\t\t<div class=\"elementor-column elementor-col-100 elementor-top-column elementor-element elementor-element-e2a914a\" data-id=\"e2a914a\" data-element_type=\"column\">\n\t\t\t<div class=\"elementor-widget-wrap elementor-element-populated\">\n\t\t\t\t\t\t<div class=\"elementor-element elementor-element-66fa579 elementor-widget__width-initial elementor-widget-tablet__width-initial elementor-widget-mobile__width-inherit  ui-split-animate ui-splitby-chars elementor-widget elementor-widget-heading\" data-id=\"66fa579\" data-element_type=\"widget\" data-settings=\"{&quot;ui_animate_split&quot;:&quot;ui-split-animate&quot;,&quot;ui_animate_split_by&quot;:&quot;chars&quot;,&quot;ui_animate_split_style&quot;:&quot;fadeInUp&quot;}\" data-widget_type=\"heading.default\">\n\t\t\t\t<div class=\"elementor-widget-container\">\n\t\t\t\t\t<h2 class=\"elementor-heading-title elementor-size-default\">Pourquoi souscrire \u00e0 une d\u00e9cennale ?<\/h2>\t\t\t\t<\/div>\n\t\t\t\t<\/div>\n\t\t\t\t<div class=\"elementor-element elementor-element-87e4c00 elementor-widget__width-inherit elementor-invisible elementor-widget elementor-widget-text-editor\" data-id=\"87e4c00\" data-element_type=\"widget\" data-settings=\"{&quot;_animation&quot;:&quot;fadeInUp&quot;,&quot;_animation_delay&quot;:300}\" data-widget_type=\"text-editor.default\">\n\t\t\t\t<div class=\"elementor-widget-container\">\n\t\t\t\t\t\t\t\t\tSouscrire \u00e0 une assurance d\u00e9cennale est essentiel pour prot\u00e9ger \u00e0 la fois votre entreprise et vos clients. Voici les principales raisons pour lesquelles cette couverture est indispensable :\n<ol>\n \t<li><strong>Obligation l\u00e9gale<\/strong> : La loi fran\u00e7aise impose \u00e0 tous les professionnels du b\u00e2timent et de la construction de souscrire une assurance d\u00e9cennale. Cette obligation l\u00e9gale vise \u00e0 garantir la r\u00e9paration des dommages pouvant affecter la solidit\u00e9 de l&rsquo;ouvrage ou le rendre impropre \u00e0 sa destination pendant dix ans apr\u00e8s la r\u00e9ception des travaux.<\/li><br>\n \t<li><strong>Protection financi\u00e8re<\/strong> : En cas de sinistre, les co\u00fbts de r\u00e9paration peuvent \u00eatre consid\u00e9rables. Une assurance d\u00e9cennale prend en charge ces d\u00e9penses, \u00e9vitant ainsi \u00e0 votre entreprise de faire face \u00e0 des frais impr\u00e9vus qui pourraient mettre en p\u00e9ril sa sant\u00e9 financi\u00e8re.<\/li><br>\n \t<li><strong>Cr\u00e9dibilit\u00e9 et confiance<\/strong> : Disposer d&rsquo;une assurance d\u00e9cennale renforce la confiance de vos clients et partenaires. Cela d\u00e9montre votre s\u00e9rieux et votre engagement \u00e0 garantir la qualit\u00e9 et la durabilit\u00e9 de vos travaux.<\/li><br>\n \t<li><strong>S\u00e9curit\u00e9 pour vos clients<\/strong> : En souscrivant une assurance d\u00e9cennale, vous offrez \u00e0 vos clients une s\u00e9curit\u00e9 suppl\u00e9mentaire. Ils savent que, m\u00eame en cas de probl\u00e8me, ils seront prot\u00e9g\u00e9s et les r\u00e9parations n\u00e9cessaires seront effectu\u00e9es sans co\u00fbt suppl\u00e9mentaire pour eux.<\/li><br>\n \t<li><strong>Comp\u00e9titivit\u00e9 accrue<\/strong> : De nombreux clients exigent une preuve d&rsquo;assurance d\u00e9cennale avant de signer un contrat. En ayant cette assurance, vous pouvez acc\u00e9der \u00e0 un plus grand nombre de projets et de clients potentiels, augmentant ainsi votre comp\u00e9titivit\u00e9 sur le march\u00e9.<\/li>\n<\/ol>\nSouscrire \u00e0 une assurance d\u00e9cennale est donc non seulement une obligation l\u00e9gale, mais aussi une d\u00e9cision strat\u00e9gique pour prot\u00e9ger votre entreprise, rassurer vos clients, et am\u00e9liorer votre comp\u00e9titivit\u00e9.\t\t\t\t\t\t\t\t<\/div>\n\t\t\t\t<\/div>\n\t\t\t\t\t<\/div>\n\t\t<\/div>\n\t\t\t\t\t<\/div>\n\t\t<\/div>\n\t\t\t\t<\/div>","protected":false},"excerpt":{"rendered":"<p>Pourquoi souscrire \u00e0 une d\u00e9cennale ? Souscrire \u00e0 une assurance d\u00e9cennale est essentiel pour prot\u00e9ger \u00e0 la fois votre entreprise et vos [&hellip;]<\/p>","protected":false},"author":1,"featured_media":0,"parent":0,"menu_order":0,"comment_status":"closed","ping_status":"closed","template":"","meta":{"footnotes":""},"_links":{"self":[{"href":"https:\/\/decenalia.fr\/ro\/wp-json\/wp\/v2\/pages\/263"}],"collection":[{"href":"https:\/\/decenalia.fr\/ro\/wp-json\/wp\/v2\/pages"}],"about":[{"href":"https:\/\/decenalia.fr\/ro\/wp-json\/wp\/v2\/types\/page"}],"author":[{"embeddable":true,"href":"https:\/\/decenalia.fr\/ro\/wp-json\/wp\/v2\/users\/1"}],"replies":[{"embeddable":true,"href":"https:\/\/decenalia.fr\/ro\/wp-json\/wp\/v2\/comments?post=263"}],"version-history":[{"count":19,"href":"https:\/\/decenalia.fr\/ro\/wp-json\/wp\/v2\/pages\/263\/revisions"}],"predecessor-version":[{"id":410,"href":"https:\/\/decenalia.fr\/ro\/wp-json\/wp\/v2\/pages\/263\/revisions\/410"}],"wp:attachment":[{"href":"https:\/\/decenalia.fr\/ro\/wp-json\/wp\/v2\/media?parent=263"}],"curies":[{"name":"wp","href":"https:\/\/api.w.org\/{rel}","templated":true}]}}