{"id":247,"date":"2024-06-21T18:09:41","date_gmt":"2024-06-21T18:09:41","guid":{"rendered":"https:\/\/decenalia.fr\/?page_id=247"},"modified":"2024-06-22T16:42:02","modified_gmt":"2024-06-22T16:42:02","slug":"qui-sommes-nous","status":"publish","type":"page","link":"https:\/\/decenalia.fr\/ro\/qui-sommes-nous\/","title":{"rendered":"Cine suntem noi?"},"content":{"rendered":"<div data-elementor-type=\"wp-page\" data-elementor-id=\"247\" class=\"elementor elementor-247\" data-elementor-post-type=\"page\">\n\t\t\t\t\t\t<div class=\"elementor-section elementor-top-section elementor-element elementor-element-4bb6186 elementor-section-boxed elementor-section-height-default elementor-section-height-default\" data-id=\"4bb6186\" data-element_type=\"section\" data-settings=\"{&quot;background_background&quot;:&quot;gradient&quot;}\">\n\t\t\t\t\t\t<div class=\"elementor-container elementor-column-gap-no\">\n\t\t\t\t\t<div class=\"elementor-column elementor-col-50 elementor-top-column elementor-element elementor-element-e2a914a\" data-id=\"e2a914a\" data-element_type=\"column\">\n\t\t\t<div class=\"elementor-widget-wrap elementor-element-populated\">\n\t\t\t\t\t\t<div class=\"elementor-element elementor-element-66fa579 elementor-widget__width-initial elementor-widget-tablet__width-initial elementor-widget-mobile__width-inherit  ui-split-animate ui-splitby-chars elementor-widget elementor-widget-heading\" data-id=\"66fa579\" data-element_type=\"widget\" data-settings=\"{&quot;ui_animate_split&quot;:&quot;ui-split-animate&quot;,&quot;ui_animate_split_by&quot;:&quot;chars&quot;,&quot;ui_animate_split_style&quot;:&quot;fadeInUp&quot;}\" data-widget_type=\"heading.default\">\n\t\t\t\t<div class=\"elementor-widget-container\">\n\t\t\t\t\t<h2 class=\"elementor-heading-title elementor-size-default\">Cine suntem noi?<\/h2>\t\t\t\t<\/div>\n\t\t\t\t<\/div>\n\t\t\t\t<div class=\"elementor-element elementor-element-87e4c00 elementor-widget__width-inherit elementor-invisible elementor-widget elementor-widget-text-editor\" data-id=\"87e4c00\" data-element_type=\"widget\" data-settings=\"{&quot;_animation&quot;:&quot;fadeInUp&quot;,&quot;_animation_delay&quot;:300}\" data-widget_type=\"text-editor.default\">\n\t\t\t\t<div class=\"elementor-widget-container\">\n\t\t\t\t\t\t\t\t\t<p>Bine a\u021bi venit la DECENALIA, partenerul dvs. de \u00eencredere pentru asigurarea pe zece ani.<\/p><p>Ne angaj\u0103m s\u0103 oferim solu\u021bii de asigurare adaptate nevoilor specifice ale profesioni\u0219tilor din domeniul construc\u021biilor.<\/p><p class=\"translation-block\"><u><b>Misiunea noastr\u0103<\/b><\/u> este simpl\u0103: s\u0103 oferim protec\u021bie complet\u0103 \u0219i fiabil\u0103 clien\u021bilor no\u0219tri, furniz\u00e2nd \u00een acela\u0219i timp un serviciu personalizat de \u00eenalt\u0103 calitate. \u00cen\u021belegem provoc\u0103rile unice cu care se confrunt\u0103 profesioni\u0219tii din industrie \u0219i ne str\u0103duim s\u0103 r\u0103spundem acestor provoc\u0103ri cu solu\u021bii personalizate, inovatoare \u0219i competitive.<\/p><h4>\u00a0<\/h4>\t\t\t\t\t\t\t\t<\/div>\n\t\t\t\t<\/div>\n\t\t\t\t\t<\/div>\n\t\t<\/div>\n\t\t\t\t<div class=\"elementor-column elementor-col-50 elementor-top-column elementor-element elementor-element-bc5a3f3\" data-id=\"bc5a3f3\" data-element_type=\"column\">\n\t\t\t<div class=\"elementor-widget-wrap elementor-element-populated\">\n\t\t\t\t\t\t<div class=\"elementor-element elementor-element-e8f0473 elementor-widget__width-initial elementor-widget elementor-widget-image\" data-id=\"e8f0473\" data-element_type=\"widget\" data-widget_type=\"image.default\">\n\t\t\t\t<div class=\"elementor-widget-container\">\n\t\t\t\t\t\t\t\t\t\t\t\t\t\t\t<img fetchpriority=\"high\" decoding=\"async\" width=\"1000\" height=\"777\" src=\"https:\/\/decenalia.fr\/wp-content\/uploads\/2024\/06\/Firefly-Equipe-dassureurs-souriant-habille-en-costume-sur-un-chantier-de-batiment-avec-des-dominant-1024x796.jpg\" class=\"attachment-large size-large wp-image-252\" alt=\"\" srcset=\"https:\/\/decenalia.fr\/wp-content\/uploads\/2024\/06\/Firefly-Equipe-dassureurs-souriant-habille-en-costume-sur-un-chantier-de-batiment-avec-des-dominant-1024x796.jpg 1024w, https:\/\/decenalia.fr\/wp-content\/uploads\/2024\/06\/Firefly-Equipe-dassureurs-souriant-habille-en-costume-sur-un-chantier-de-batiment-avec-des-dominant-300x233.jpg 300w, https:\/\/decenalia.fr\/wp-content\/uploads\/2024\/06\/Firefly-Equipe-dassureurs-souriant-habille-en-costume-sur-un-chantier-de-batiment-avec-des-dominant-768x597.jpg 768w, https:\/\/decenalia.fr\/wp-content\/uploads\/2024\/06\/Firefly-Equipe-dassureurs-souriant-habille-en-costume-sur-un-chantier-de-batiment-avec-des-dominant-1536x1195.jpg 1536w, https:\/\/decenalia.fr\/wp-content\/uploads\/2024\/06\/Firefly-Equipe-dassureurs-souriant-habille-en-costume-sur-un-chantier-de-batiment-avec-des-dominant-2048x1593.jpg 2048w, https:\/\/decenalia.fr\/wp-content\/uploads\/2024\/06\/Firefly-Equipe-dassureurs-souriant-habille-en-costume-sur-un-chantier-de-batiment-avec-des-dominant-650x506.jpg 650w\" sizes=\"(max-width: 1000px) 100vw, 1000px\" \/>\t\t\t\t\t\t\t\t\t\t\t\t\t\t\t<\/div>\n\t\t\t\t<\/div>\n\t\t\t\t\t<\/div>\n\t\t<\/div>\n\t\t\t\t\t<\/div>\n\t\t<\/div>\n\t\t\t\t<\/div>","protected":false},"excerpt":{"rendered":"<p>Qui sommes-nous ? Bienvenue chez DECENALIA, votre partenaire de confiance pour l&rsquo;assurance d\u00e9cennale. Nous nous engageons \u00e0 fournir des solutions d&rsquo;assurance adapt\u00e9es [&hellip;]<\/p>","protected":false},"author":1,"featured_media":0,"parent":0,"menu_order":0,"comment_status":"closed","ping_status":"closed","template":"","meta":{"footnotes":""},"_links":{"self":[{"href":"https:\/\/decenalia.fr\/ro\/wp-json\/wp\/v2\/pages\/247"}],"collection":[{"href":"https:\/\/decenalia.fr\/ro\/wp-json\/wp\/v2\/pages"}],"about":[{"href":"https:\/\/decenalia.fr\/ro\/wp-json\/wp\/v2\/types\/page"}],"author":[{"embeddable":true,"href":"https:\/\/decenalia.fr\/ro\/wp-json\/wp\/v2\/users\/1"}],"replies":[{"embeddable":true,"href":"https:\/\/decenalia.fr\/ro\/wp-json\/wp\/v2\/comments?post=247"}],"version-history":[{"count":13,"href":"https:\/\/decenalia.fr\/ro\/wp-json\/wp\/v2\/pages\/247\/revisions"}],"predecessor-version":[{"id":404,"href":"https:\/\/decenalia.fr\/ro\/wp-json\/wp\/v2\/pages\/247\/revisions\/404"}],"wp:attachment":[{"href":"https:\/\/decenalia.fr\/ro\/wp-json\/wp\/v2\/media?parent=247"}],"curies":[{"name":"wp","href":"https:\/\/api.w.org\/{rel}","templated":true}]}}